{"id":2032,"date":"2020-07-09T14:56:04","date_gmt":"2020-07-09T12:56:04","guid":{"rendered":"https:\/\/thaidatevip.com\/blog\/?page_id=2032"},"modified":"2021-12-15T15:17:43","modified_gmt":"2021-12-15T14:17:43","slug":"femmes-thailandaises","status":"publish","type":"page","link":"https:\/\/www.thaidatevip.com\/blog\/fr\/femmes-thailandaises\/","title":{"rendered":"Femmes tha\u00eflandaises"},"content":{"rendered":"<h2>Tout savoir sur les rencontres avec des Femmes tha\u00eflandaises.<\/h2>\n<h3>Pourquoi les femmes tha\u00eflandaises sont elles attir\u00e9s par les occidentaux ?<\/h3>\n<p>Le contexte en occident favorise les recherches des hommes qui se tournent vers des compagnes \u00e9trang\u00e8res. En effet en France apr\u00e8s 40 ans il est tr\u00e8s difficile de trouver une compagne de trente ans environ pour un homme car toutes les femmes int\u00e9ressantes sont d\u00e9j\u00e0 prises en g\u00e9n\u00e9ral. En soir\u00e9e on ne trouve que des jeunes ou des femmes au dessus de 40 ans par exemple ; le pourcentage d&rsquo;hommes est souvent tellement \u00e9lev\u00e9 qu&rsquo;on se croirait dans un night club pour Gay. Quant \u00e0 parler du physique car cela compte, moi qui voyage beaucoup j&rsquo;ai pu observ\u00e9 que l&rsquo;homme fran\u00e7ais est s\u00fbrement le plus coquet au monde et celui qui prend le plus soin de lui. La concurrence est donc f\u00e9roce et les femmes peuvent se laisser aller plus que dans d&rsquo;autres pays vu le choix qui s&rsquo;offrent \u00e0 elles.<\/p>\n<p>Il est donc vrai que beaucoup d&rsquo;hommes se tournent vers l&rsquo;\u00e9tranger pour trouver la perle rare. On assiste une recherche envers les femme de l&rsquo;est, africaines ou siamoises&#8230;de la part de certains occidentaux. Les hommes retrouvent dans ces femmes une f\u00e9minit\u00e9 que beaucoup de fran\u00e7aises ont perdue. Concernant les tha\u00eflandaises on appr\u00e9cie leur charme et joie de vivre en g\u00e9n\u00e9ral, ce sourire facile que pas mal de gens ont perdu dans notre pays. Elles sont aussi attentionn\u00e9es envers leur compagnon et moins exigeantes en tous points qu&rsquo;une europ\u00e9enne qui a d\u00e9j\u00e0, si elle est un tant soit peu mignonne, obtenu des attentions de haute vol\u00e9e de la part de la gente masculine ( grand restaurant, Week-end sympas, beaux cadeaux \u2026)<\/p>\n<p>Son \u00e9quivalente siamoise n&rsquo;a pas v\u00e9cu cela en g\u00e9n\u00e9ral et sera enthousiaste de se voir offrir de tels gestes.<\/p>\n<h3><\/h3>\n<p>D\u00e9j\u00e0 beaucoup de femmes r\u00eavent d&rsquo;enfants m\u00e9tis ( les stars tha\u00eflandaises sont m\u00e9tis en g\u00e9n\u00e9ral) car elles pensent que la beaut\u00e9 europ\u00e9enne est plus attrayante que la beaut\u00e9 asiatique. La peau blanche, les grands yeux, la grandeur de taille sont tr\u00e8s pris\u00e9s au pays du sourire. Aussi les hommes occidentaux ont \u00e0 priori plus le sens des responsabilit\u00e9s familiales que leurs homologues tha\u00eflandais et sont aussi moins machos. Il y aussi l&rsquo;aspect \u00e9conomique qui compte et avoir un mari Fareng donne acc\u00e8s bien souvent \u00e0 un meilleur partie qu&rsquo;un mari Tha\u00ef.<\/p>\n<p><img loading=\"lazy\" decoding=\"async\" class=\"aligncenter wp-image-2039\" src=\"https:\/\/thaidatevip.com\/blog\/wp-content\/uploads\/2020\/07\/femmes-thai-attire-occidentaux-300x244.jpg\" alt=\"Femmes Tha\u00ef et occidentaux\" width=\"600\" height=\"487\" srcset=\"https:\/\/www.thaidatevip.com\/blog\/wp-content\/uploads\/2020\/07\/femmes-thai-attire-occidentaux-300x244.jpg 300w, https:\/\/www.thaidatevip.com\/blog\/wp-content\/uploads\/2020\/07\/femmes-thai-attire-occidentaux.jpg 749w\" sizes=\"auto, (max-width: 600px) 100vw, 600px\" \/><\/p>\n<p>&nbsp;<\/p>\n<h3>Ou rencontrer sa petite amie Tha\u00eflandaise ?<\/h3>\n<p>Pas mal d&rsquo;hommes sortent dans des boites de Fareng pour draguer de jolies siamoises et m\u00eame parfois se faire draguer mais souvent ces filles de la nuit sont plut\u00f4t int\u00e9ress\u00e9es par l&rsquo;argent facile et bien souvent font commerce de leur charme. Certes on peut s&rsquo;amouracher d\u2019une fille de ce genre mais il est toujours dangereux d\u2019\u00eatre avec quelqu un pour qui l&rsquo;argent \u00e0 \u00e9t\u00e9 gagn\u00e9 facilement et qui aura une tendance \u00e0 la fain\u00e9antise.<br \/>\nOn peut aussi tenter un approche naturel dans les endroits publics de jour et pour les moins timides, centre commerciaux, transports en public qui sera bien souvent positives car les tha\u00eflandaises aiment plaire et de plus c est une approche original que peu d&rsquo;hommes tentent la bas.<\/p>\n<p>Il existe aussi les sites de rencontre principalement pour les fareng d\u00e9sireux de rencontrer des tha\u00eflandaise et inversement. Cela donne un coup de pouce au destin et permet de faire des rencontres qui n&rsquo;auraient pas excit\u00e9es dans la vie de tous les jours. Parmi tous ces sites il y en a des plus ou moins bien fait et plus ou moins s\u00e9rieux, il faut juste bien s\u00e9lectionner celui qui vous conviendra. Parmi eux il existe un site de rencontre Premium avec s\u00e9lection et v\u00e9rification des inscriptions afin d&rsquo; avoir une communaut\u00e9 de qualit\u00e9 : ThaidateVIP.com A noter que comme c&rsquo;est la solution de facilit\u00e9 la concurrence entre m\u00e2les sera plus \u00e2pre.<\/p>\n<p>&nbsp;<\/p>\n<h3>La diff\u00e9rence de nationalit\u00e9 est elle un avantage ou un inconv\u00e9nient ?<\/h3>\n<p>On a tendance quand on est \u00e9troit d&rsquo;esprit \u00e0 ne pas aimer ce qui est diff\u00e9rent. Avoir une conjointe Thai c&rsquo;est la possibilit\u00e9 de s&rsquo;ouvrir vers une nouvelle culture et d&rsquo;acc\u00e9der \u00e0 une religion diff\u00e9rente, une nourriture exotique et une autre fa\u00e7on de voir les choses&#8230; Un des inconv\u00e9nients majeurs c&rsquo;est de ne pas pouvoir s&rsquo;exprimer dans sa langue natale car beaucoup de couple franco \/ thai utilise l&rsquo;anglais ce qui induit parfois des difficult\u00e9s de communication. Certaines valeurs aussi ne sont pas les m\u00eames par exemple : la d\u00e9coration et le degr\u00e9 de propret\u00e9 dans la maison, les r\u00e9f\u00e9rences culturelles ( histoire, litt\u00e9rature, musique .. )<\/p>\n<p>Le lieu d&rsquo;habitation peut aussi poser probl\u00e8me : est il plus facile pour un fran\u00e7ais d&rsquo;habiter en Tha\u00eflande qu&rsquo;une Tha\u00eflandaise d&rsquo;habiter en France ?<\/p>\n<p>Le principale difficult\u00e9 pour un fran\u00e7ais est de ne pas parler la langue Tha\u00ef car beaucoup de Thai ne parle pas anglais et qu&rsquo;il est donc difficile de se faire comprendre. La chaleur omnipr\u00e9sente et des soins m\u00e9dicaux qui sont moins pointus qu&rsquo;en Europe peuvent aussi constituer des inconv\u00e9nients a long terme.<br \/>\nHormis ces points la vie est de bien souvent plus douce et plus anim\u00e9e en Tha\u00eflande qu&rsquo;en France.<br \/>\nQuant \u00e0 faire venir une Tha\u00eflandaise en France, certaines s\u2019adapteront mais d&rsquo;autres souffriront du froid, du calme nocturne des villes fran\u00e7aises et de notre individualisme principalement.<\/p>\n<p>&nbsp;<\/p>\n<h3>Alors union mixte ou pas ?<\/h3>\n<p>Comme tout il y a des inconv\u00e9nients et des avantages mais si l&rsquo;exotisme vous attire, que vous voulez une femme plut\u00f4t mignonne et souriante, plus attentionn\u00e9e que ce que vous pourriez trouver en France le pas peut \u00eatre franchi sans regret.<\/p>\n","protected":false},"excerpt":{"rendered":"<p>Tout savoir sur les rencontres avec des Femmes tha\u00eflandaises. Pourquoi les femmes tha\u00eflandaises sont elles attir\u00e9s par les occidentaux ? Le contexte en occident favorise les recherches des hommes qui se tournent vers des compagnes \u00e9trang\u00e8res. En effet en France apr\u00e8s 40 ans il est tr\u00e8s difficile de trouver une compagne de trente ans environ&hellip;<\/p>\n","protected":false},"author":1,"featured_media":2041,"parent":0,"menu_order":0,"comment_status":"closed","ping_status":"closed","template":"","meta":{"footnotes":""},"class_list":["post-2032","page","type-page","status-publish","has-post-thumbnail","hentry"],"yoast_head":"<!-- This site is optimized with the Yoast SEO plugin v23.5 - https:\/\/yoast.com\/wordpress\/plugins\/seo\/ -->\n<title>Femmes tha\u00eflandaises - ThaidateVIP Blog<\/title>\n<meta name=\"robots\" content=\"index, follow, max-snippet:-1, max-image-preview:large, max-video-preview:-1\" \/>\n<link rel=\"canonical\" href=\"https:\/\/www.thaidatevip.com\/blog\/fr\/femmes-thailandaises\/\" \/>\n<meta property=\"og:locale\" content=\"fr_FR\" \/>\n<meta property=\"og:type\" content=\"article\" \/>\n<meta property=\"og:title\" content=\"Femmes tha\u00eflandaises - ThaidateVIP Blog\" \/>\n<meta property=\"og:description\" content=\"Tout savoir sur les rencontres avec des Femmes tha\u00eflandaises. Pourquoi les femmes tha\u00eflandaises sont elles attir\u00e9s par les occidentaux ? Le contexte en occident favorise les recherches des hommes qui se tournent vers des compagnes \u00e9trang\u00e8res. En effet en France apr\u00e8s 40 ans il est tr\u00e8s difficile de trouver une compagne de trente ans environ&hellip;\" \/>\n<meta property=\"og:url\" content=\"https:\/\/www.thaidatevip.com\/blog\/fr\/femmes-thailandaises\/\" \/>\n<meta property=\"og:site_name\" content=\"ThaidateVIP Blog\" \/>\n<meta property=\"article:publisher\" content=\"https:\/\/www.facebook.com\/Rencontreinternationaleblog\" \/>\n<meta property=\"article:modified_time\" content=\"2021-12-15T14:17:43+00:00\" \/>\n<meta property=\"og:image\" content=\"https:\/\/www.thaidatevip.com\/blog\/wp-content\/uploads\/2020\/07\/femme-thailandaise-en-france.jpg\" \/>\n\t<meta property=\"og:image:width\" content=\"960\" \/>\n\t<meta property=\"og:image:height\" content=\"720\" \/>\n\t<meta property=\"og:image:type\" content=\"image\/jpeg\" \/>\n<meta name=\"twitter:card\" content=\"summary_large_image\" \/>\n<meta name=\"twitter:label1\" content=\"Dur\u00e9e de lecture estim\u00e9e\" \/>\n\t<meta name=\"twitter:data1\" content=\"5 minutes\" \/>\n<script type=\"application\/ld+json\" class=\"yoast-schema-graph\">{\"@context\":\"https:\/\/schema.org\",\"@graph\":[{\"@type\":\"WebPage\",\"@id\":\"https:\/\/www.thaidatevip.com\/blog\/fr\/femmes-thailandaises\/\",\"url\":\"https:\/\/www.thaidatevip.com\/blog\/fr\/femmes-thailandaises\/\",\"name\":\"Femmes tha\u00eflandaises - ThaidateVIP Blog\",\"isPartOf\":{\"@id\":\"https:\/\/www.thaidatevip.com\/blog\/#website\"},\"primaryImageOfPage\":{\"@id\":\"https:\/\/www.thaidatevip.com\/blog\/fr\/femmes-thailandaises\/#primaryimage\"},\"image\":{\"@id\":\"https:\/\/www.thaidatevip.com\/blog\/fr\/femmes-thailandaises\/#primaryimage\"},\"thumbnailUrl\":\"https:\/\/www.thaidatevip.com\/blog\/wp-content\/uploads\/2020\/07\/femme-thailandaise-en-france.jpg\",\"datePublished\":\"2020-07-09T12:56:04+00:00\",\"dateModified\":\"2021-12-15T14:17:43+00:00\",\"breadcrumb\":{\"@id\":\"https:\/\/www.thaidatevip.com\/blog\/fr\/femmes-thailandaises\/#breadcrumb\"},\"inLanguage\":\"fr-FR\",\"potentialAction\":[{\"@type\":\"ReadAction\",\"target\":[\"https:\/\/www.thaidatevip.com\/blog\/fr\/femmes-thailandaises\/\"]}]},{\"@type\":\"ImageObject\",\"inLanguage\":\"fr-FR\",\"@id\":\"https:\/\/www.thaidatevip.com\/blog\/fr\/femmes-thailandaises\/#primaryimage\",\"url\":\"https:\/\/www.thaidatevip.com\/blog\/wp-content\/uploads\/2020\/07\/femme-thailandaise-en-france.jpg\",\"contentUrl\":\"https:\/\/www.thaidatevip.com\/blog\/wp-content\/uploads\/2020\/07\/femme-thailandaise-en-france.jpg\",\"width\":960,\"height\":720,\"caption\":\"Femme tha\u00eflandaise en France\"},{\"@type\":\"BreadcrumbList\",\"@id\":\"https:\/\/www.thaidatevip.com\/blog\/fr\/femmes-thailandaises\/#breadcrumb\",\"itemListElement\":[{\"@type\":\"ListItem\",\"position\":1,\"name\":\"Accueil\",\"item\":\"https:\/\/www.thaidatevip.com\/blog\/\"},{\"@type\":\"ListItem\",\"position\":2,\"name\":\"Femmes tha\u00eflandaises\"}]},{\"@type\":\"WebSite\",\"@id\":\"https:\/\/www.thaidatevip.com\/blog\/#website\",\"url\":\"https:\/\/www.thaidatevip.com\/blog\/\",\"name\":\"ThaidateVIP | Blog\",\"description\":\"\",\"publisher\":{\"@id\":\"https:\/\/www.thaidatevip.com\/blog\/#organization\"},\"potentialAction\":[{\"@type\":\"SearchAction\",\"target\":{\"@type\":\"EntryPoint\",\"urlTemplate\":\"https:\/\/www.thaidatevip.com\/blog\/?s={search_term_string}\"},\"query-input\":{\"@type\":\"PropertyValueSpecification\",\"valueRequired\":true,\"valueName\":\"search_term_string\"}}],\"inLanguage\":\"fr-FR\"},{\"@type\":\"Organization\",\"@id\":\"https:\/\/www.thaidatevip.com\/blog\/#organization\",\"name\":\"ThaidateVIP | Blog\",\"url\":\"https:\/\/www.thaidatevip.com\/blog\/\",\"logo\":{\"@type\":\"ImageObject\",\"inLanguage\":\"fr-FR\",\"@id\":\"https:\/\/www.thaidatevip.com\/blog\/#\/schema\/logo\/image\/\",\"url\":\"https:\/\/www.thaidatevip.com\/blog\/wp-content\/uploads\/2020\/10\/rencontre_femme_thailandaise_thaidatevip.jpg\",\"contentUrl\":\"https:\/\/www.thaidatevip.com\/blog\/wp-content\/uploads\/2020\/10\/rencontre_femme_thailandaise_thaidatevip.jpg\",\"width\":175,\"height\":35,\"caption\":\"ThaidateVIP | Blog\"},\"image\":{\"@id\":\"https:\/\/www.thaidatevip.com\/blog\/#\/schema\/logo\/image\/\"},\"sameAs\":[\"https:\/\/www.facebook.com\/Rencontreinternationaleblog\"]}]}<\/script>\n<!-- \/ Yoast SEO plugin. -->","yoast_head_json":{"title":"Femmes tha\u00eflandaises - ThaidateVIP Blog","robots":{"index":"index","follow":"follow","max-snippet":"max-snippet:-1","max-image-preview":"max-image-preview:large","max-video-preview":"max-video-preview:-1"},"canonical":"https:\/\/www.thaidatevip.com\/blog\/fr\/femmes-thailandaises\/","og_locale":"fr_FR","og_type":"article","og_title":"Femmes tha\u00eflandaises - ThaidateVIP Blog","og_description":"Tout savoir sur les rencontres avec des Femmes tha\u00eflandaises. Pourquoi les femmes tha\u00eflandaises sont elles attir\u00e9s par les occidentaux ? Le contexte en occident favorise les recherches des hommes qui se tournent vers des compagnes \u00e9trang\u00e8res. En effet en France apr\u00e8s 40 ans il est tr\u00e8s difficile de trouver une compagne de trente ans environ&hellip;","og_url":"https:\/\/www.thaidatevip.com\/blog\/fr\/femmes-thailandaises\/","og_site_name":"ThaidateVIP Blog","article_publisher":"https:\/\/www.facebook.com\/Rencontreinternationaleblog","article_modified_time":"2021-12-15T14:17:43+00:00","og_image":[{"width":960,"height":720,"url":"https:\/\/www.thaidatevip.com\/blog\/wp-content\/uploads\/2020\/07\/femme-thailandaise-en-france.jpg","type":"image\/jpeg"}],"twitter_card":"summary_large_image","twitter_misc":{"Dur\u00e9e de lecture estim\u00e9e":"5 minutes"},"schema":{"@context":"https:\/\/schema.org","@graph":[{"@type":"WebPage","@id":"https:\/\/www.thaidatevip.com\/blog\/fr\/femmes-thailandaises\/","url":"https:\/\/www.thaidatevip.com\/blog\/fr\/femmes-thailandaises\/","name":"Femmes tha\u00eflandaises - ThaidateVIP Blog","isPartOf":{"@id":"https:\/\/www.thaidatevip.com\/blog\/#website"},"primaryImageOfPage":{"@id":"https:\/\/www.thaidatevip.com\/blog\/fr\/femmes-thailandaises\/#primaryimage"},"image":{"@id":"https:\/\/www.thaidatevip.com\/blog\/fr\/femmes-thailandaises\/#primaryimage"},"thumbnailUrl":"https:\/\/www.thaidatevip.com\/blog\/wp-content\/uploads\/2020\/07\/femme-thailandaise-en-france.jpg","datePublished":"2020-07-09T12:56:04+00:00","dateModified":"2021-12-15T14:17:43+00:00","breadcrumb":{"@id":"https:\/\/www.thaidatevip.com\/blog\/fr\/femmes-thailandaises\/#breadcrumb"},"inLanguage":"fr-FR","potentialAction":[{"@type":"ReadAction","target":["https:\/\/www.thaidatevip.com\/blog\/fr\/femmes-thailandaises\/"]}]},{"@type":"ImageObject","inLanguage":"fr-FR","@id":"https:\/\/www.thaidatevip.com\/blog\/fr\/femmes-thailandaises\/#primaryimage","url":"https:\/\/www.thaidatevip.com\/blog\/wp-content\/uploads\/2020\/07\/femme-thailandaise-en-france.jpg","contentUrl":"https:\/\/www.thaidatevip.com\/blog\/wp-content\/uploads\/2020\/07\/femme-thailandaise-en-france.jpg","width":960,"height":720,"caption":"Femme tha\u00eflandaise en France"},{"@type":"BreadcrumbList","@id":"https:\/\/www.thaidatevip.com\/blog\/fr\/femmes-thailandaises\/#breadcrumb","itemListElement":[{"@type":"ListItem","position":1,"name":"Accueil","item":"https:\/\/www.thaidatevip.com\/blog\/"},{"@type":"ListItem","position":2,"name":"Femmes tha\u00eflandaises"}]},{"@type":"WebSite","@id":"https:\/\/www.thaidatevip.com\/blog\/#website","url":"https:\/\/www.thaidatevip.com\/blog\/","name":"ThaidateVIP | Blog","description":"","publisher":{"@id":"https:\/\/www.thaidatevip.com\/blog\/#organization"},"potentialAction":[{"@type":"SearchAction","target":{"@type":"EntryPoint","urlTemplate":"https:\/\/www.thaidatevip.com\/blog\/?s={search_term_string}"},"query-input":{"@type":"PropertyValueSpecification","valueRequired":true,"valueName":"search_term_string"}}],"inLanguage":"fr-FR"},{"@type":"Organization","@id":"https:\/\/www.thaidatevip.com\/blog\/#organization","name":"ThaidateVIP | Blog","url":"https:\/\/www.thaidatevip.com\/blog\/","logo":{"@type":"ImageObject","inLanguage":"fr-FR","@id":"https:\/\/www.thaidatevip.com\/blog\/#\/schema\/logo\/image\/","url":"https:\/\/www.thaidatevip.com\/blog\/wp-content\/uploads\/2020\/10\/rencontre_femme_thailandaise_thaidatevip.jpg","contentUrl":"https:\/\/www.thaidatevip.com\/blog\/wp-content\/uploads\/2020\/10\/rencontre_femme_thailandaise_thaidatevip.jpg","width":175,"height":35,"caption":"ThaidateVIP | Blog"},"image":{"@id":"https:\/\/www.thaidatevip.com\/blog\/#\/schema\/logo\/image\/"},"sameAs":["https:\/\/www.facebook.com\/Rencontreinternationaleblog"]}]}},"_links":{"self":[{"href":"https:\/\/www.thaidatevip.com\/blog\/wp-json\/wp\/v2\/pages\/2032","targetHints":{"allow":["GET"]}}],"collection":[{"href":"https:\/\/www.thaidatevip.com\/blog\/wp-json\/wp\/v2\/pages"}],"about":[{"href":"https:\/\/www.thaidatevip.com\/blog\/wp-json\/wp\/v2\/types\/page"}],"author":[{"embeddable":true,"href":"https:\/\/www.thaidatevip.com\/blog\/wp-json\/wp\/v2\/users\/1"}],"replies":[{"embeddable":true,"href":"https:\/\/www.thaidatevip.com\/blog\/wp-json\/wp\/v2\/comments?post=2032"}],"version-history":[{"count":3,"href":"https:\/\/www.thaidatevip.com\/blog\/wp-json\/wp\/v2\/pages\/2032\/revisions"}],"predecessor-version":[{"id":2042,"href":"https:\/\/www.thaidatevip.com\/blog\/wp-json\/wp\/v2\/pages\/2032\/revisions\/2042"}],"wp:featuredmedia":[{"embeddable":true,"href":"https:\/\/www.thaidatevip.com\/blog\/wp-json\/wp\/v2\/media\/2041"}],"wp:attachment":[{"href":"https:\/\/www.thaidatevip.com\/blog\/wp-json\/wp\/v2\/media?parent=2032"}],"curies":[{"name":"wp","href":"https:\/\/api.w.org\/{rel}","templated":true}]}}